{"id":3092,"date":"2024-08-13T13:07:48","date_gmt":"2024-08-13T13:07:48","guid":{"rendered":"https:\/\/apshogtryck.se\/?page_id=3092"},"modified":"2024-12-18T09:48:08","modified_gmt":"2024-12-18T09:48:08","slug":"spoldysor","status":"publish","type":"page","link":"https:\/\/apshogtryck.se\/en\/spoldysor\/","title":{"rendered":"Jet nozzles"},"content":{"rendered":"<div data-elementor-type=\"wp-page\" data-elementor-id=\"3092\" class=\"elementor elementor-3092\" data-elementor-post-type=\"page\">\n\t\t\t\t\t\t<section class=\"elementor-section elementor-top-section elementor-element elementor-element-1137287 elementor-section-boxed elementor-section-height-default elementor-section-height-default\" data-id=\"1137287\" data-element_type=\"section\" data-e-type=\"section\" data-settings=\"{&quot;background_background&quot;:&quot;classic&quot;,&quot;shape_divider_bottom&quot;:&quot;curve&quot;,&quot;shape_divider_bottom_negative&quot;:&quot;yes&quot;}\">\n\t\t\t\t\t\t\t<div class=\"elementor-background-overlay\"><\/div>\n\t\t\t\t\t\t<div class=\"elementor-shape elementor-shape-bottom\" aria-hidden=\"true\" data-negative=\"true\">\n\t\t\t<svg xmlns=\"http:\/\/www.w3.org\/2000\/svg\" viewbox=\"0 0 1000 100\" preserveaspectratio=\"none\">\n\t<path class=\"elementor-shape-fill\" d=\"M500,97C126.7,96.3,0.8,19.8,0,0v100l1000,0V1C1000,19.4,873.3,97.8,500,97z\"\/>\n<\/svg>\t\t<\/div>\n\t\t\t\t\t<div class=\"elementor-container elementor-column-gap-default\">\n\t\t\t\t\t<div class=\"elementor-column elementor-col-100 elementor-top-column elementor-element elementor-element-bee0ae5\" data-id=\"bee0ae5\" data-element_type=\"column\" data-e-type=\"column\">\n\t\t\t<div class=\"elementor-widget-wrap elementor-element-populated\">\n\t\t\t\t\t\t<div class=\"elementor-element elementor-element-2847d90 elementor-widget elementor-widget-heading\" data-id=\"2847d90\" data-element_type=\"widget\" data-e-type=\"widget\" data-widget_type=\"heading.default\">\n\t\t\t\t<div class=\"elementor-widget-container\">\n\t\t\t\t\t<h1 class=\"elementor-heading-title elementor-size-xl\">Jet nozzles<\/h1>\t\t\t\t<\/div>\n\t\t\t\t<\/div>\n\t\t\t\t\t<\/div>\n\t\t<\/div>\n\t\t\t\t\t<\/div>\n\t\t<\/section>\n\t\t\t\t<section class=\"elementor-section elementor-top-section elementor-element elementor-element-6793ab8 elementor-section-boxed elementor-section-height-default elementor-section-height-default\" data-id=\"6793ab8\" data-element_type=\"section\" data-e-type=\"section\" data-settings=\"{&quot;background_background&quot;:&quot;classic&quot;}\">\n\t\t\t\t\t\t<div class=\"elementor-container elementor-column-gap-default\">\n\t\t\t\t\t<div class=\"elementor-column elementor-col-100 elementor-top-column elementor-element elementor-element-4651355\" data-id=\"4651355\" data-element_type=\"column\" data-e-type=\"column\">\n\t\t\t<div class=\"elementor-widget-wrap elementor-element-populated\">\n\t\t\t\t\t\t<div class=\"elementor-element elementor-element-388a683 elementor-widget elementor-widget-menu-anchor\" data-id=\"388a683\" data-element_type=\"widget\" data-e-type=\"widget\" data-widget_type=\"menu-anchor.default\">\n\t\t\t\t<div class=\"elementor-widget-container\">\n\t\t\t\t\t\t\t<div class=\"elementor-menu-anchor\" id=\"skotsel\"><\/div>\n\t\t\t\t\t\t<\/div>\n\t\t\t\t<\/div>\n\t\t\t\t<div class=\"elementor-element elementor-element-3bc2568 elementor-widget elementor-widget-spacer\" data-id=\"3bc2568\" data-element_type=\"widget\" data-e-type=\"widget\" data-widget_type=\"spacer.default\">\n\t\t\t\t<div class=\"elementor-widget-container\">\n\t\t\t\t\t\t\t<div class=\"elementor-spacer\">\n\t\t\t<div class=\"elementor-spacer-inner\"><\/div>\n\t\t<\/div>\n\t\t\t\t\t\t<\/div>\n\t\t\t\t<\/div>\n\t\t\t\t<div class=\"elementor-element elementor-element-64036b7 elementor-widget elementor-widget-heading\" data-id=\"64036b7\" data-element_type=\"widget\" data-e-type=\"widget\" data-widget_type=\"heading.default\">\n\t\t\t\t<div class=\"elementor-widget-container\">\n\t\t\t\t\t<h2 class=\"elementor-heading-title elementor-size-default\">Teknisk \u00f6versikt och anv\u00e4ndningsomr\u00e5den<\/h2>\t\t\t\t<\/div>\n\t\t\t\t<\/div>\n\t\t\t\t<div class=\"elementor-element elementor-element-86b8ca0 elementor-widget elementor-widget-text-editor\" data-id=\"86b8ca0\" data-element_type=\"widget\" data-e-type=\"widget\" data-widget_type=\"text-editor.default\">\n\t\t\t\t<div class=\"elementor-widget-container\">\n\t\t\t\t\t\t\t\t\t<p>Inom h\u00f6gtrycksteknikens v\u00e4rld utg\u00f6r spoldysor en kritisk komponent i olika system och utrustningar som anv\u00e4nds f\u00f6r reng\u00f6ring, underh\u00e5ll och industriella processer. P\u00e5 APS H\u00f6gtryck, en ledande leverant\u00f6r av h\u00f6gtrycksutrustning, f\u00f6rst\u00e5r vi vikten av att erbjuda h\u00f6gkvalitativa spoldysor som m\u00f6ter v\u00e5ra kunders behov och f\u00f6rv\u00e4ntningar. Denna text syftar till att ge en omfattande \u00f6verblick \u00f6ver spoldysor, deras funktioner, och de faktorer som b\u00f6r beaktas vid val av spoldys.&nbsp;<\/p>\n<p><b>Definition och funktion&nbsp;<\/b><\/p>\n<p>Spoldysor \u00e4r precisionstillverkade munstycken designade f\u00f6r att dirigera str\u00e5len av v\u00e4tska eller gas under h\u00f6gt tryck. Dessa komponenter \u00e4r avg\u00f6rande f\u00f6r att effektivisera processen f\u00f6r reng\u00f6ring, kylning eller sk\u00e4rning genom att kontrollera fl\u00f6deshastighet, riktning och tryck av mediet som passerar genom dem. Genom att anpassa dessa parametrar kan spoldysor skr\u00e4ddarsy str\u00e5len f\u00f6r att uppn\u00e5 specifika resultat, fr\u00e5n varsam tv\u00e4ttning av k\u00e4nsliga ytor till kraftfull borttagning av h\u00e5rdnackat smuts eller bel\u00e4ggningar.&nbsp;<\/p>\n<p><b>Material och konstruktion&nbsp;<\/b><\/p>\n<p>Valet av material f\u00f6r spoldysor \u00e4r avg\u00f6rande f\u00f6r dess prestanda och livsl\u00e4ngd. APS H\u00f6gtryck erbjuder spoldysor tillverkade av en rad material, inklusive rostfritt st\u00e5l, keramik och speciallegeringar, f\u00f6r att s\u00e4kerst\u00e4lla optimal h\u00e5llbarhet mot kemisk korrosion, slitage och h\u00f6ga temperaturer. Designen av spoldysor varierar ocks\u00e5 beroende p\u00e5 till\u00e4mpning, med specifika geometrier som optimerar str\u00e5lm\u00f6nstret f\u00f6r reng\u00f6ring, sk\u00e4rning eller kylning.&nbsp;<\/p>\n<p><b>Applikationer och anv\u00e4ndningsomr\u00e5den&nbsp;<\/b><\/p>\n<p>Spoldysor har en bred till\u00e4mpning inom industriella, kommersiella och kommunala sektorer. De anv\u00e4nds i allt fr\u00e5n enkel bilv\u00e4tt och fasadreng\u00f6ring till mer komplexa applikationer som h\u00f6gtrycksbearbetning av material och st\u00e4dning av kommunala avloppssystem. Inom tillverkningsindustrin \u00e4r noggrannhet och effektivitet i anv\u00e4ndningen av spoldysor avg\u00f6rande f\u00f6r att uppr\u00e4tth\u00e5lla produktkvalitet och processs\u00e4kerhet.&nbsp;<\/p>\n<p><b>V\u00e4lja r\u00e4tt spoldysa&nbsp;<\/b><\/p>\n<p>Att v\u00e4lja r\u00e4tt spoldys kr\u00e4ver en f\u00f6rst\u00e5else f\u00f6r applikationens specifika krav, inklusive tryck, fl\u00f6de och \u00f6nskat str\u00e5lm\u00f6nster. P\u00e5 APS H\u00f6gtryck arbetar vi n\u00e4ra v\u00e5ra kunder f\u00f6r att f\u00f6rst\u00e5 deras unika behov och erbjuda l\u00f6sningar som optimerar deras processer och resultat. V\u00e5r expertis och breda sortiment av spoldysor s\u00e4kerst\u00e4ller att vi kan tillhandah\u00e5lla den mest effektiva och kostnadseffektiva l\u00f6sningen f\u00f6r varje till\u00e4mpning.&nbsp;<\/p><p>Spoldysor spelar en kritisk roll inom m\u00e5nga industriella och kommersiella reng\u00f6rings-, underh\u00e5lls- och produktionsprocesser. Genom att erbjuda en bred variation av spoldysor, st\u00f6dd av djup teknisk expertis och f\u00f6rst\u00e5else f\u00f6r v\u00e5ra kunders behov, str\u00e4var APS H\u00f6gtryck efter att vara din f\u00f6redragna partner f\u00f6r h\u00f6gtrycksreng\u00f6ringsl\u00f6sningar. Kontakta oss f\u00f6r att diskutera dina specifika behov och hur vi kan hj\u00e4lpa dig att uppn\u00e5 optimala resultat med r\u00e4tt spoldysor.&nbsp;&nbsp;<br><\/p>\t\t\t\t\t\t\t\t<\/div>\n\t\t\t\t<\/div>\n\t\t\t\t<div class=\"elementor-element elementor-element-33ed7ba elementor-align-center elementor-widget elementor-widget-button\" data-id=\"33ed7ba\" data-element_type=\"widget\" data-e-type=\"widget\" data-widget_type=\"button.default\">\n\t\t\t\t<div class=\"elementor-widget-container\">\n\t\t\t\t\t\t\t\t\t<div class=\"elementor-button-wrapper\">\n\t\t\t\t\t<a class=\"elementor-button elementor-button-link elementor-size-sm\" href=\"\/en\/butik\/\">\n\t\t\t\t\t\t<span class=\"elementor-button-content-wrapper\">\n\t\t\t\t\t\t\t\t\t<span class=\"elementor-button-text\">Klicka h\u00e4r<\/span>\n\t\t\t\t\t<\/span>\n\t\t\t\t\t<\/a>\n\t\t\t\t<\/div>\n\t\t\t\t\t\t\t\t<\/div>\n\t\t\t\t<\/div>\n\t\t\t\t\t<\/div>\n\t\t<\/div>\n\t\t\t\t\t<\/div>\n\t\t<\/section>\n\t\t\t\t<\/div>","protected":false},"excerpt":{"rendered":"<p>Spoldysor Teknisk \u00f6versikt och anv\u00e4ndningsomr\u00e5den Inom h\u00f6gtrycksteknikens v\u00e4rld utg\u00f6r spoldysor en kritisk komponent i olika system och utrustningar som anv\u00e4nds f\u00f6r reng\u00f6ring, underh\u00e5ll och industriella processer. P\u00e5 APS H\u00f6gtryck, en ledande leverant\u00f6r av h\u00f6gtrycksutrustning, f\u00f6rst\u00e5r vi vikten av att erbjuda h\u00f6gkvalitativa spoldysor som m\u00f6ter v\u00e5ra kunders behov och f\u00f6rv\u00e4ntningar. Denna text syftar till att ge [&hellip;]<\/p>\n","protected":false},"author":2,"featured_media":0,"parent":0,"menu_order":0,"comment_status":"closed","ping_status":"closed","template":"","meta":{"_monsterinsights_skip_tracking":false,"_monsterinsights_sitenote_active":false,"_monsterinsights_sitenote_note":"","_monsterinsights_sitenote_category":0,"site-sidebar-layout":"no-sidebar","site-content-layout":"page-builder","ast-site-content-layout":"full-width-container","site-content-style":"default","site-sidebar-style":"default","ast-global-header-display":"","ast-banner-title-visibility":"","ast-main-header-display":"","ast-hfb-above-header-display":"","ast-hfb-below-header-display":"","ast-hfb-mobile-header-display":"","site-post-title":"disabled","ast-breadcrumbs-content":"","ast-featured-img":"disabled","footer-sml-layout":"","ast-disable-related-posts":"","theme-transparent-header-meta":"","adv-header-id-meta":"","stick-header-meta":"","header-above-stick-meta":"","header-main-stick-meta":"","header-below-stick-meta":"","astra-migrate-meta-layouts":"set","ast-page-background-enabled":"default","ast-page-background-meta":{"desktop":{"background-color":"","background-image":"","background-repeat":"repeat","background-position":"center center","background-size":"auto","background-attachment":"scroll","background-type":"","background-media":"","overlay-type":"","overlay-color":"","overlay-opacity":"","overlay-gradient":""},"tablet":{"background-color":"","background-image":"","background-repeat":"repeat","background-position":"center center","background-size":"auto","background-attachment":"scroll","background-type":"","background-media":"","overlay-type":"","overlay-color":"","overlay-opacity":"","overlay-gradient":""},"mobile":{"background-color":"","background-image":"","background-repeat":"repeat","background-position":"center center","background-size":"auto","background-attachment":"scroll","background-type":"","background-media":"","overlay-type":"","overlay-color":"","overlay-opacity":"","overlay-gradient":""}},"ast-content-background-meta":{"desktop":{"background-color":"var(--ast-global-color-5)","background-image":"","background-repeat":"repeat","background-position":"center center","background-size":"auto","background-attachment":"scroll","background-type":"","background-media":"","overlay-type":"","overlay-color":"","overlay-opacity":"","overlay-gradient":""},"tablet":{"background-color":"var(--ast-global-color-5)","background-image":"","background-repeat":"repeat","background-position":"center center","background-size":"auto","background-attachment":"scroll","background-type":"","background-media":"","overlay-type":"","overlay-color":"","overlay-opacity":"","overlay-gradient":""},"mobile":{"background-color":"var(--ast-global-color-5)","background-image":"","background-repeat":"repeat","background-position":"center center","background-size":"auto","background-attachment":"scroll","background-type":"","background-media":"","overlay-type":"","overlay-color":"","overlay-opacity":"","overlay-gradient":""}},"footnotes":""},"class_list":["post-3092","page","type-page","status-publish","hentry"],"_links":{"self":[{"href":"https:\/\/apshogtryck.se\/en\/wp-json\/wp\/v2\/pages\/3092","targetHints":{"allow":["GET"]}}],"collection":[{"href":"https:\/\/apshogtryck.se\/en\/wp-json\/wp\/v2\/pages"}],"about":[{"href":"https:\/\/apshogtryck.se\/en\/wp-json\/wp\/v2\/types\/page"}],"author":[{"embeddable":true,"href":"https:\/\/apshogtryck.se\/en\/wp-json\/wp\/v2\/users\/2"}],"replies":[{"embeddable":true,"href":"https:\/\/apshogtryck.se\/en\/wp-json\/wp\/v2\/comments?post=3092"}],"version-history":[{"count":6,"href":"https:\/\/apshogtryck.se\/en\/wp-json\/wp\/v2\/pages\/3092\/revisions"}],"predecessor-version":[{"id":3177,"href":"https:\/\/apshogtryck.se\/en\/wp-json\/wp\/v2\/pages\/3092\/revisions\/3177"}],"wp:attachment":[{"href":"https:\/\/apshogtryck.se\/en\/wp-json\/wp\/v2\/media?parent=3092"}],"curies":[{"name":"wp","href":"https:\/\/api.w.org\/{rel}","templated":true}]}}