{"id":3099,"date":"2024-08-13T13:11:29","date_gmt":"2024-08-13T13:11:29","guid":{"rendered":"https:\/\/apshogtryck.se\/?page_id=3099"},"modified":"2024-12-18T09:48:35","modified_gmt":"2024-12-18T09:48:35","slug":"rotskarare","status":"publish","type":"page","link":"https:\/\/apshogtryck.se\/en\/rotskarare\/","title":{"rendered":"Rotsk\u00e4rare"},"content":{"rendered":"<div data-elementor-type=\"wp-page\" data-elementor-id=\"3099\" class=\"elementor elementor-3099\" data-elementor-post-type=\"page\">\n\t\t\t\t\t\t<section class=\"elementor-section elementor-top-section elementor-element elementor-element-4dffc3a elementor-section-boxed elementor-section-height-default elementor-section-height-default\" data-id=\"4dffc3a\" data-element_type=\"section\" data-e-type=\"section\" data-settings=\"{&quot;background_background&quot;:&quot;classic&quot;,&quot;shape_divider_bottom&quot;:&quot;curve&quot;,&quot;shape_divider_bottom_negative&quot;:&quot;yes&quot;}\">\n\t\t\t\t\t\t\t<div class=\"elementor-background-overlay\"><\/div>\n\t\t\t\t\t\t<div class=\"elementor-shape elementor-shape-bottom\" aria-hidden=\"true\" data-negative=\"true\">\n\t\t\t<svg xmlns=\"http:\/\/www.w3.org\/2000\/svg\" viewbox=\"0 0 1000 100\" preserveaspectratio=\"none\">\n\t<path class=\"elementor-shape-fill\" d=\"M500,97C126.7,96.3,0.8,19.8,0,0v100l1000,0V1C1000,19.4,873.3,97.8,500,97z\"\/>\n<\/svg>\t\t<\/div>\n\t\t\t\t\t<div class=\"elementor-container elementor-column-gap-default\">\n\t\t\t\t\t<div class=\"elementor-column elementor-col-100 elementor-top-column elementor-element elementor-element-53b4063\" data-id=\"53b4063\" data-element_type=\"column\" data-e-type=\"column\">\n\t\t\t<div class=\"elementor-widget-wrap elementor-element-populated\">\n\t\t\t\t\t\t<div class=\"elementor-element elementor-element-3965ee4 elementor-widget elementor-widget-heading\" data-id=\"3965ee4\" data-element_type=\"widget\" data-e-type=\"widget\" data-widget_type=\"heading.default\">\n\t\t\t\t<div class=\"elementor-widget-container\">\n\t\t\t\t\t<h1 class=\"elementor-heading-title elementor-size-xl\">Rotsk\u00e4rare<\/h1>\t\t\t\t<\/div>\n\t\t\t\t<\/div>\n\t\t\t\t\t<\/div>\n\t\t<\/div>\n\t\t\t\t\t<\/div>\n\t\t<\/section>\n\t\t\t\t<section class=\"elementor-section elementor-top-section elementor-element elementor-element-3f985fb elementor-section-boxed elementor-section-height-default elementor-section-height-default\" data-id=\"3f985fb\" data-element_type=\"section\" data-e-type=\"section\" data-settings=\"{&quot;background_background&quot;:&quot;classic&quot;}\">\n\t\t\t\t\t\t<div class=\"elementor-container elementor-column-gap-default\">\n\t\t\t\t\t<div class=\"elementor-column elementor-col-100 elementor-top-column elementor-element elementor-element-948fa0e\" data-id=\"948fa0e\" data-element_type=\"column\" data-e-type=\"column\">\n\t\t\t<div class=\"elementor-widget-wrap elementor-element-populated\">\n\t\t\t\t\t\t<div class=\"elementor-element elementor-element-8e976e4 elementor-widget elementor-widget-menu-anchor\" data-id=\"8e976e4\" data-element_type=\"widget\" data-e-type=\"widget\" data-widget_type=\"menu-anchor.default\">\n\t\t\t\t<div class=\"elementor-widget-container\">\n\t\t\t\t\t\t\t<div class=\"elementor-menu-anchor\" id=\"skotsel\"><\/div>\n\t\t\t\t\t\t<\/div>\n\t\t\t\t<\/div>\n\t\t\t\t<div class=\"elementor-element elementor-element-c35ec9b elementor-widget elementor-widget-spacer\" data-id=\"c35ec9b\" data-element_type=\"widget\" data-e-type=\"widget\" data-widget_type=\"spacer.default\">\n\t\t\t\t<div class=\"elementor-widget-container\">\n\t\t\t\t\t\t\t<div class=\"elementor-spacer\">\n\t\t\t<div class=\"elementor-spacer-inner\"><\/div>\n\t\t<\/div>\n\t\t\t\t\t\t<\/div>\n\t\t\t\t<\/div>\n\t\t\t\t<div class=\"elementor-element elementor-element-b6cd9df elementor-widget elementor-widget-heading\" data-id=\"b6cd9df\" data-element_type=\"widget\" data-e-type=\"widget\" data-widget_type=\"heading.default\">\n\t\t\t\t<div class=\"elementor-widget-container\">\n\t\t\t\t\t<h2 class=\"elementor-heading-title elementor-size-default\">Vad \u00e4r en rotsk\u00e4rare?<\/h2>\t\t\t\t<\/div>\n\t\t\t\t<\/div>\n\t\t\t\t<div class=\"elementor-element elementor-element-9ddea3d elementor-widget elementor-widget-text-editor\" data-id=\"9ddea3d\" data-element_type=\"widget\" data-e-type=\"widget\" data-widget_type=\"text-editor.default\">\n\t\t\t\t<div class=\"elementor-widget-container\">\n\t\t\t\t\t\t\t\t\t<p><span style=\"font-style: inherit; font-weight: inherit;\">Rotsk\u00e4rning \u00e4r en viktigt del f\u00f6r att \u00e5terst\u00e4lla och underh\u00e5lla effektiviteten i avloppssystem.\u00a0<\/span><\/p><p>En rotsk\u00e4rare \u00e4r en specialiserat verktyg som anv\u00e4nds f\u00f6r att ta bort r\u00f6tter och andra hinder fr\u00e5n avloppsledningar och r\u00f6r. En rotsk\u00e4raren sk\u00e4r bort r\u00f6tterna med precision utan att skada r\u00f6rens struktur. Det \u00e4r b\u00e5de effektiv och milj\u00f6v\u00e4nlig, d\u00e5 den minimerar behovet av kemiska produkter.\u00a0<\/p><h4><b>Hur fungerar APS H\u00f6gtrycks rotsk\u00e4rare?\u00a0<\/b><\/h4><p>V\u00e5ra rotsk\u00e4rare drivs med h\u00f6gtrycksvatten som skjuts genom en specialutformad munstycke. H\u00f6gtrycksvattnet har tillr\u00e4cklig kraft f\u00f6r att sk\u00e4ra igenom tuffa r\u00f6tter och samtidigt spola bort de avskurna delarna. Processen \u00e4r snabb, effektiv och s\u00e4kerst\u00e4ller att r\u00f6ren \u00e5terg\u00e5r till optimal funktion utan on\u00f6diga f\u00f6rdr\u00f6jningar.\u00a0<\/p><h4><b>Varf\u00f6r v\u00e4lja APS H\u00f6gtrycks rotsk\u00e4rare?<\/b><\/h4><p>V\u00e5r produkt \u00e4r framtagen f\u00f6r att hantera de mest kr\u00e4vande blockeringarna med exceptionell precision. Vi hur viktigt det \u00e4r att h\u00e5lla avloppssystem i toppskick och v\u00e5ra l\u00f6sningar \u00e4r utformade f\u00f6r att ge l\u00e5ngvariga resultat. Med APS H\u00f6gtryck f\u00e5r du tillg\u00e5ng till:\u00a0<\/p><ul><li><b>Expertis<\/b>: V\u00e5rt team best\u00e5r av erfarna specialister som st\u00e4ndigt utbildas i de senaste teknikerna inom h\u00f6gtrycksrensning.\u00a0<\/li><li><b>Effektivitet<\/b>: Snabb och p\u00e5litlig borttagning av hinder minskar risken f\u00f6r \u00e5terkommande problem och kostsamma reparationer.\u00a0<\/li><li><b>Milj\u00f6v\u00e4nlig metod<\/b>: Vi anv\u00e4nder vattenkraft f\u00f6r att undvika skadliga kemikalier, vilket skyddar b\u00e5de milj\u00f6n och ditt r\u00f6rsystem.\u00a0<\/li><\/ul><h4><b>Ta tag i ditt avlopp\u00a0<\/b><\/h4><p>\u00c4r du redo att ta itu med rottillv\u00e4xten i ditt avloppssystem? L\u00e5t oss visa hur v\u00e5r rotsk\u00e4rarteknik kan \u00e5terst\u00e4lla och skydda ditt avloppssystem p\u00e5 ett effektivt och h\u00e5llbart s\u00e4tt.\u00a0\u00a0<\/p>\t\t\t\t\t\t\t\t<\/div>\n\t\t\t\t<\/div>\n\t\t\t\t<div class=\"elementor-element elementor-element-09df0c4 elementor-align-center elementor-widget elementor-widget-button\" data-id=\"09df0c4\" data-element_type=\"widget\" data-e-type=\"widget\" data-widget_type=\"button.default\">\n\t\t\t\t<div class=\"elementor-widget-container\">\n\t\t\t\t\t\t\t\t\t<div class=\"elementor-button-wrapper\">\n\t\t\t\t\t<a class=\"elementor-button elementor-button-link elementor-size-sm\" href=\"\/en\/butik\/\">\n\t\t\t\t\t\t<span class=\"elementor-button-content-wrapper\">\n\t\t\t\t\t\t\t\t\t<span class=\"elementor-button-text\">Klicka h\u00e4r<\/span>\n\t\t\t\t\t<\/span>\n\t\t\t\t\t<\/a>\n\t\t\t\t<\/div>\n\t\t\t\t\t\t\t\t<\/div>\n\t\t\t\t<\/div>\n\t\t\t\t\t<\/div>\n\t\t<\/div>\n\t\t\t\t\t<\/div>\n\t\t<\/section>\n\t\t\t\t<\/div>","protected":false},"excerpt":{"rendered":"<p>Rotsk\u00e4rare Vad \u00e4r en rotsk\u00e4rare? Rotsk\u00e4rning \u00e4r en viktigt del f\u00f6r att \u00e5terst\u00e4lla och underh\u00e5lla effektiviteten i avloppssystem.\u00a0 En rotsk\u00e4rare \u00e4r en specialiserat verktyg som anv\u00e4nds f\u00f6r att ta bort r\u00f6tter och andra hinder fr\u00e5n avloppsledningar och r\u00f6r. En rotsk\u00e4raren sk\u00e4r bort r\u00f6tterna med precision utan att skada r\u00f6rens struktur. Det \u00e4r b\u00e5de effektiv och [&hellip;]<\/p>\n","protected":false},"author":2,"featured_media":0,"parent":0,"menu_order":0,"comment_status":"closed","ping_status":"closed","template":"","meta":{"_monsterinsights_skip_tracking":false,"_monsterinsights_sitenote_active":false,"_monsterinsights_sitenote_note":"","_monsterinsights_sitenote_category":0,"site-sidebar-layout":"no-sidebar","site-content-layout":"page-builder","ast-site-content-layout":"full-width-container","site-content-style":"default","site-sidebar-style":"default","ast-global-header-display":"","ast-banner-title-visibility":"","ast-main-header-display":"","ast-hfb-above-header-display":"","ast-hfb-below-header-display":"","ast-hfb-mobile-header-display":"","site-post-title":"disabled","ast-breadcrumbs-content":"","ast-featured-img":"disabled","footer-sml-layout":"","ast-disable-related-posts":"","theme-transparent-header-meta":"","adv-header-id-meta":"","stick-header-meta":"","header-above-stick-meta":"","header-main-stick-meta":"","header-below-stick-meta":"","astra-migrate-meta-layouts":"set","ast-page-background-enabled":"default","ast-page-background-meta":{"desktop":{"background-color":"","background-image":"","background-repeat":"repeat","background-position":"center center","background-size":"auto","background-attachment":"scroll","background-type":"","background-media":"","overlay-type":"","overlay-color":"","overlay-opacity":"","overlay-gradient":""},"tablet":{"background-color":"","background-image":"","background-repeat":"repeat","background-position":"center center","background-size":"auto","background-attachment":"scroll","background-type":"","background-media":"","overlay-type":"","overlay-color":"","overlay-opacity":"","overlay-gradient":""},"mobile":{"background-color":"","background-image":"","background-repeat":"repeat","background-position":"center center","background-size":"auto","background-attachment":"scroll","background-type":"","background-media":"","overlay-type":"","overlay-color":"","overlay-opacity":"","overlay-gradient":""}},"ast-content-background-meta":{"desktop":{"background-color":"var(--ast-global-color-5)","background-image":"","background-repeat":"repeat","background-position":"center center","background-size":"auto","background-attachment":"scroll","background-type":"","background-media":"","overlay-type":"","overlay-color":"","overlay-opacity":"","overlay-gradient":""},"tablet":{"background-color":"var(--ast-global-color-5)","background-image":"","background-repeat":"repeat","background-position":"center center","background-size":"auto","background-attachment":"scroll","background-type":"","background-media":"","overlay-type":"","overlay-color":"","overlay-opacity":"","overlay-gradient":""},"mobile":{"background-color":"var(--ast-global-color-5)","background-image":"","background-repeat":"repeat","background-position":"center center","background-size":"auto","background-attachment":"scroll","background-type":"","background-media":"","overlay-type":"","overlay-color":"","overlay-opacity":"","overlay-gradient":""}},"footnotes":""},"class_list":["post-3099","page","type-page","status-publish","hentry"],"_links":{"self":[{"href":"https:\/\/apshogtryck.se\/en\/wp-json\/wp\/v2\/pages\/3099","targetHints":{"allow":["GET"]}}],"collection":[{"href":"https:\/\/apshogtryck.se\/en\/wp-json\/wp\/v2\/pages"}],"about":[{"href":"https:\/\/apshogtryck.se\/en\/wp-json\/wp\/v2\/types\/page"}],"author":[{"embeddable":true,"href":"https:\/\/apshogtryck.se\/en\/wp-json\/wp\/v2\/users\/2"}],"replies":[{"embeddable":true,"href":"https:\/\/apshogtryck.se\/en\/wp-json\/wp\/v2\/comments?post=3099"}],"version-history":[{"count":5,"href":"https:\/\/apshogtryck.se\/en\/wp-json\/wp\/v2\/pages\/3099\/revisions"}],"predecessor-version":[{"id":3105,"href":"https:\/\/apshogtryck.se\/en\/wp-json\/wp\/v2\/pages\/3099\/revisions\/3105"}],"wp:attachment":[{"href":"https:\/\/apshogtryck.se\/en\/wp-json\/wp\/v2\/media?parent=3099"}],"curies":[{"name":"wp","href":"https:\/\/api.w.org\/{rel}","templated":true}]}}