{"id":1543,"date":"2021-02-11T09:31:43","date_gmt":"2021-02-11T09:31:43","guid":{"rendered":"https:\/\/apshogtryck.se\/?post_type=product&#038;p=1543"},"modified":"2025-07-04T15:06:28","modified_gmt":"2025-07-04T15:06:28","slug":"d12-45-90-artikelnr-054","status":"publish","type":"product","link":"https:\/\/apshogtryck.se\/en\/product\/d12-45-90-artikelnr-054\/","title":{"rendered":"D12 \u2013 45\u00b0, 90\u00b0 \u2013 Artikelnr: 054"},"content":{"rendered":"","protected":false},"excerpt":{"rendered":"<p>Anslutning: 1\/8\u2033<\/p>\n<p>M\u00e5tt: 12mm \u00f8 L 25mm<\/p>\n<p>Spolriktning: 45\u00b0 &amp; 90\u00b0<\/p>\n<p>Spolh\u00e5l: 2 st \u00f8 0,8 mm, 2 st \u00f8 0,7 mm<\/p>\n<p>Spolfl\u00f6de: 18 l \/ min\u00a0(max fl\u00f6de)<\/p>","protected":false},"featured_media":1544,"template":"","meta":{"_monsterinsights_skip_tracking":false,"_monsterinsights_sitenote_active":false,"_monsterinsights_sitenote_note":"","_monsterinsights_sitenote_category":0,"site-sidebar-layout":"default","site-content-layout":"default","ast-site-content-layout":"default","site-content-style":"default","site-sidebar-style":"default","ast-global-header-display":"","ast-banner-title-visibility":"","ast-main-header-display":"","ast-hfb-above-header-display":"","ast-hfb-below-header-display":"","ast-hfb-mobile-header-display":"","site-post-title":"","ast-breadcrumbs-content":"","ast-featured-img":"","footer-sml-layout":"","ast-disable-related-posts":"","theme-transparent-header-meta":"default","adv-header-id-meta":"","stick-header-meta":"","header-above-stick-meta":"","header-main-stick-meta":"","header-below-stick-meta":"","astra-migrate-meta-layouts":"set","ast-page-background-enabled":"default","ast-page-background-meta":{"desktop":{"background-color":"","background-image":"","background-repeat":"repeat","background-position":"center center","background-size":"auto","background-attachment":"scroll","background-type":"","background-media":"","overlay-type":"","overlay-color":"","overlay-opacity":"","overlay-gradient":""},"tablet":{"background-color":"","background-image":"","background-repeat":"repeat","background-position":"center center","background-size":"auto","background-attachment":"scroll","background-type":"","background-media":"","overlay-type":"","overlay-color":"","overlay-opacity":"","overlay-gradient":""},"mobile":{"background-color":"","background-image":"","background-repeat":"repeat","background-position":"center center","background-size":"auto","background-attachment":"scroll","background-type":"","background-media":"","overlay-type":"","overlay-color":"","overlay-opacity":"","overlay-gradient":""}},"ast-content-background-meta":{"desktop":{"background-color":"var(--ast-global-color-5)","background-image":"","background-repeat":"repeat","background-position":"center center","background-size":"auto","background-attachment":"scroll","background-type":"","background-media":"","overlay-type":"","overlay-color":"","overlay-opacity":"","overlay-gradient":""},"tablet":{"background-color":"var(--ast-global-color-5)","background-image":"","background-repeat":"repeat","background-position":"center center","background-size":"auto","background-attachment":"scroll","background-type":"","background-media":"","overlay-type":"","overlay-color":"","overlay-opacity":"","overlay-gradient":""},"mobile":{"background-color":"var(--ast-global-color-5)","background-image":"","background-repeat":"repeat","background-position":"center center","background-size":"auto","background-attachment":"scroll","background-type":"","background-media":"","overlay-type":"","overlay-color":"","overlay-opacity":"","overlay-gradient":""}}},"product_brand":[],"product_cat":[34],"product_tag":[],"class_list":{"0":"post-1543","1":"product","2":"type-product","3":"status-publish","4":"has-post-thumbnail","6":"product_cat-roterande-dysor","7":"desktop-align-left","8":"tablet-align-left","9":"mobile-align-left","11":"first","12":"instock","13":"taxable","14":"shipping-taxable","15":"purchasable","16":"product-type-simple"},"_links":{"self":[{"href":"https:\/\/apshogtryck.se\/en\/wp-json\/wp\/v2\/product\/1543","targetHints":{"allow":["GET"]}}],"collection":[{"href":"https:\/\/apshogtryck.se\/en\/wp-json\/wp\/v2\/product"}],"about":[{"href":"https:\/\/apshogtryck.se\/en\/wp-json\/wp\/v2\/types\/product"}],"version-history":[{"count":2,"href":"https:\/\/apshogtryck.se\/en\/wp-json\/wp\/v2\/product\/1543\/revisions"}],"predecessor-version":[{"id":1571,"href":"https:\/\/apshogtryck.se\/en\/wp-json\/wp\/v2\/product\/1543\/revisions\/1571"}],"wp:featuredmedia":[{"embeddable":true,"href":"https:\/\/apshogtryck.se\/en\/wp-json\/wp\/v2\/media\/1544"}],"wp:attachment":[{"href":"https:\/\/apshogtryck.se\/en\/wp-json\/wp\/v2\/media?parent=1543"}],"wp:term":[{"taxonomy":"product_brand","embeddable":true,"href":"https:\/\/apshogtryck.se\/en\/wp-json\/wp\/v2\/product_brand?post=1543"},{"taxonomy":"product_cat","embeddable":true,"href":"https:\/\/apshogtryck.se\/en\/wp-json\/wp\/v2\/product_cat?post=1543"},{"taxonomy":"product_tag","embeddable":true,"href":"https:\/\/apshogtryck.se\/en\/wp-json\/wp\/v2\/product_tag?post=1543"}],"curies":[{"name":"wp","href":"https:\/\/api.w.org\/{rel}","templated":true}]}}