{"id":2890,"date":"2021-09-22T16:10:06","date_gmt":"2021-09-22T16:10:06","guid":{"rendered":"https:\/\/apshogtryck.se\/?post_type=product&#038;p=2890"},"modified":"2024-12-18T09:57:07","modified_gmt":"2024-12-18T09:57:07","slug":"frasutrustning-2","status":"publish","type":"product","link":"https:\/\/apshogtryck.se\/en\/product\/frasutrustning-2\/","title":{"rendered":"Fr\u00e4sutrustning"},"content":{"rendered":"","protected":false},"excerpt":{"rendered":"<div style=\"width: 1344px;\" class=\"wp-video\"><video class=\"wp-video-shortcode\" id=\"video-2890-1\" width=\"1344\" height=\"756\" autoplay preload=\"auto\" controls=\"controls\"><source type=\"video\/mp4\" src=\"https:\/\/apshogtryck.se\/wp-content\/uploads\/2021\/09\/Vattenfras.mp4?_=1\" \/><a href=\"https:\/\/apshogtryck.se\/wp-content\/uploads\/2021\/09\/Vattenfras.mp4\">https:\/\/apshogtryck.se\/wp-content\/uploads\/2021\/09\/Vattenfras.mp4<\/a><\/video><\/div>\n<p>&nbsp;<\/p>\n<p>P\u00e5 filmen ser ni v\u00e5r vattenfr\u00e4s p\u00e5 3,5 hk. Kan spolas ut enkelt \u00f6ver 100 m med en spolbil p\u00e5 100 l \/ min.<br \/>\n60 l \/ min kommer du 50 m.<\/p>\n<p><span style=\"font-size: 16px;\">Vi ordnar det mesta inom r\u00f6rfr\u00e4sning. Kontakta oss.<\/span><\/p>","protected":false},"featured_media":2891,"template":"","meta":{"_monsterinsights_skip_tracking":false,"_monsterinsights_sitenote_active":false,"_monsterinsights_sitenote_note":"","_monsterinsights_sitenote_category":0,"site-sidebar-layout":"default","site-content-layout":"default","ast-site-content-layout":"default","site-content-style":"default","site-sidebar-style":"default","ast-global-header-display":"","ast-banner-title-visibility":"","ast-main-header-display":"","ast-hfb-above-header-display":"","ast-hfb-below-header-display":"","ast-hfb-mobile-header-display":"","site-post-title":"","ast-breadcrumbs-content":"","ast-featured-img":"","footer-sml-layout":"","ast-disable-related-posts":"","theme-transparent-header-meta":"default","adv-header-id-meta":"","stick-header-meta":"","header-above-stick-meta":"","header-main-stick-meta":"","header-below-stick-meta":"","astra-migrate-meta-layouts":"set","ast-page-background-enabled":"default","ast-page-background-meta":{"desktop":{"background-color":"","background-image":"","background-repeat":"repeat","background-position":"center center","background-size":"auto","background-attachment":"scroll","background-type":"","background-media":"","overlay-type":"","overlay-color":"","overlay-opacity":"","overlay-gradient":""},"tablet":{"background-color":"","background-image":"","background-repeat":"repeat","background-position":"center center","background-size":"auto","background-attachment":"scroll","background-type":"","background-media":"","overlay-type":"","overlay-color":"","overlay-opacity":"","overlay-gradient":""},"mobile":{"background-color":"","background-image":"","background-repeat":"repeat","background-position":"center center","background-size":"auto","background-attachment":"scroll","background-type":"","background-media":"","overlay-type":"","overlay-color":"","overlay-opacity":"","overlay-gradient":""}},"ast-content-background-meta":{"desktop":{"background-color":"var(--ast-global-color-5)","background-image":"","background-repeat":"repeat","background-position":"center center","background-size":"auto","background-attachment":"scroll","background-type":"","background-media":"","overlay-type":"","overlay-color":"","overlay-opacity":"","overlay-gradient":""},"tablet":{"background-color":"var(--ast-global-color-5)","background-image":"","background-repeat":"repeat","background-position":"center center","background-size":"auto","background-attachment":"scroll","background-type":"","background-media":"","overlay-type":"","overlay-color":"","overlay-opacity":"","overlay-gradient":""},"mobile":{"background-color":"var(--ast-global-color-5)","background-image":"","background-repeat":"repeat","background-position":"center center","background-size":"auto","background-attachment":"scroll","background-type":"","background-media":"","overlay-type":"","overlay-color":"","overlay-opacity":"","overlay-gradient":""}}},"product_brand":[],"product_cat":[42],"product_tag":[],"class_list":{"0":"post-2890","1":"product","2":"type-product","3":"status-publish","4":"has-post-thumbnail","6":"product_cat-tillbehor","7":"desktop-align-left","8":"tablet-align-left","9":"mobile-align-left","11":"first","12":"instock","13":"taxable","14":"shipping-taxable","15":"product-type-simple"},"_links":{"self":[{"href":"https:\/\/apshogtryck.se\/en\/wp-json\/wp\/v2\/product\/2890","targetHints":{"allow":["GET"]}}],"collection":[{"href":"https:\/\/apshogtryck.se\/en\/wp-json\/wp\/v2\/product"}],"about":[{"href":"https:\/\/apshogtryck.se\/en\/wp-json\/wp\/v2\/types\/product"}],"version-history":[{"count":6,"href":"https:\/\/apshogtryck.se\/en\/wp-json\/wp\/v2\/product\/2890\/revisions"}],"predecessor-version":[{"id":2897,"href":"https:\/\/apshogtryck.se\/en\/wp-json\/wp\/v2\/product\/2890\/revisions\/2897"}],"wp:featuredmedia":[{"embeddable":true,"href":"https:\/\/apshogtryck.se\/en\/wp-json\/wp\/v2\/media\/2891"}],"wp:attachment":[{"href":"https:\/\/apshogtryck.se\/en\/wp-json\/wp\/v2\/media?parent=2890"}],"wp:term":[{"taxonomy":"product_brand","embeddable":true,"href":"https:\/\/apshogtryck.se\/en\/wp-json\/wp\/v2\/product_brand?post=2890"},{"taxonomy":"product_cat","embeddable":true,"href":"https:\/\/apshogtryck.se\/en\/wp-json\/wp\/v2\/product_cat?post=2890"},{"taxonomy":"product_tag","embeddable":true,"href":"https:\/\/apshogtryck.se\/en\/wp-json\/wp\/v2\/product_tag?post=2890"}],"curies":[{"name":"wp","href":"https:\/\/api.w.org\/{rel}","templated":true}]}}